{"id":284,"date":"2021-01-19T10:44:45","date_gmt":"2021-01-19T10:44:45","guid":{"rendered":"https:\/\/serranoman.com.br\/?page_id=284"},"modified":"2024-03-19T13:02:17","modified_gmt":"2024-03-19T13:02:17","slug":"politica-de-privacidade","status":"publish","type":"page","link":"https:\/\/serranoman.com.br\/en\/politica-de-privacidade\/","title":{"rendered":"Privacy Politics"},"content":{"rendered":"<div class=\"fusion-fullwidth fullwidth-box fusion-builder-row-1 fusion-flex-container nonhundred-percent-fullwidth non-hundred-percent-height-scrolling\" style=\"--awb-border-radius-top-left:0px;--awb-border-radius-top-right:0px;--awb-border-radius-bottom-right:0px;--awb-border-radius-bottom-left:0px;--awb-padding-top:90px;--awb-padding-bottom:90px;--awb-flex-wrap:wrap;\" ><div class=\"fusion-builder-row fusion-row fusion-flex-align-items-flex-start fusion-flex-content-wrap\" style=\"max-width:1248px;margin-left: calc(-4% \/ 2 );margin-right: calc(-4% \/ 2 );\"><div class=\"fusion-layout-column fusion_builder_column fusion-builder-column-0 fusion_builder_column_1_1 1_1 fusion-flex-column fusion-animated\" style=\"--awb-padding-right:90px;--awb-padding-right-small:0px;--awb-bg-size:cover;--awb-width-large:100%;--awb-margin-top-large:0px;--awb-spacing-right-large:1.92%;--awb-margin-bottom-large:20px;--awb-spacing-left-large:1.92%;--awb-width-medium:100%;--awb-order-medium:0;--awb-spacing-right-medium:1.92%;--awb-spacing-left-medium:1.92%;--awb-width-small:100%;--awb-order-small:0;--awb-spacing-right-small:1.92%;--awb-spacing-left-small:1.92%;\" data-animationtype=\"fadeInUp\" data-animationduration=\"1.0\" data-animationoffset=\"top-into-view\"><div class=\"fusion-column-wrapper fusion-column-has-shadow fusion-flex-justify-content-flex-start fusion-content-layout-column\"><div class=\"fusion-text fusion-text-1\"><p>Nesta Pol\u00edtica de Privacidade, vamos explicar aos nossos visitantes e usu\u00e1rios, todas as formas e meios que protegemos e tratamos os dados coletados em nossa plataforma. N\u00f3s levamos extremamente a s\u00e9rio a prote\u00e7\u00e3o dos dados pessoais coletados e armazenados, e neste documento, vamos te explicar detalhadamente como e porque fazemos esta coleta, e como voc\u00ea pode pedir para retirar, alterar ou excluir seus dados de nossos servidores. Em caso de d\u00favidas de quaisquer tipos, voc\u00ea pode entrar em contato diretamente com nossa equipe pela aba de contato. Este documento foi criado pelo Advogado Diego Castro (OAB\/PI 15.613), e adaptado para utiliza\u00e7\u00e3o neste website.<\/p>\n<\/div><div class=\"fusion-title title fusion-title-1 fusion-sep-none fusion-title-text fusion-title-size-three\"><h3 class=\"fusion-title-heading title-heading-left fusion-responsive-typography-calculated\" style=\"margin:0;text-transform:capitalize;--fontSize:32;line-height:var(--awb-typography1-line-height);\">1 \u2013 Sobre A Origem Dos Seus Dados Pessoais<\/h3><\/div><div class=\"fusion-text fusion-text-2 sm-text-align-center\"><p>Nosso site pode coletar alguns dados pessoais seus para diferentes objetivos. Para coletarmos estes dados, usamos as seguintes tecnologias:&nbsp;<b>Website:<\/b>&nbsp;Dentro do nosso site voc\u00ea poder\u00e1 preencher formul\u00e1rios, enviar coment\u00e1rios e d\u00favidas, entrar em contato com nossa equipe ou se cadastrar na nossa plataforma, e seus dados ser\u00e3o salvos para posterior atendimento.&nbsp;<b>Mensagens e comunica\u00e7\u00f5es:<\/b>&nbsp;Quando voc\u00ea se comunica com nossa equipe, seja pelo Whatsapp, por SMS, por E-mail ou quaisquer outros tipos de chat, alguns dados podem ficar salvos para futura confer\u00eancia e facilitar a comunica\u00e7\u00e3o com nossos clientes e usu\u00e1rios.&nbsp;<b>De Modo Offline:&nbsp;<\/b>Alguns dados podem ser coletados offline, como, por exemplo, em eventos e organiza\u00e7\u00f5es, onde podemos coletar seu e-mail ou outros dados, para manter comunica\u00e7\u00e3o e informa\u00e7\u00f5es necess\u00e1rias que voc\u00ea precisa ter conhecimento.&nbsp;<b>Dados de Terceiros:<\/b>&nbsp;Algumas vezes, terceiros podem enviar para nossa empresa alguns dados seus, como, por exemplo, dados recebidos por m\u00eddias sociais (Como Facebook, instagram, Tiktok ou outras redes sociais), do governo ou intermediadoras de pagamentos.<\/p>\n<\/div><div class=\"fusion-title title fusion-title-2 fusion-sep-none fusion-title-text fusion-title-size-three\"><h3 class=\"fusion-title-heading title-heading-left fusion-responsive-typography-calculated\" style=\"margin:0;text-transform:capitalize;--fontSize:32;line-height:var(--awb-typography1-line-height);\">2 \u2013 Como e porque coletamos seus dados:<\/h3><\/div><div class=\"fusion-text fusion-text-3\"><p>\u00c9 importante que voc\u00ea, nosso usu\u00e1rio ou visitante, saiba como e quais dados pessoais coletamos e utilizamos quando voc\u00ea visita nosso site. Destacamos que sempre tentamos coletar o m\u00ednimo de dados poss\u00edveis para sua maior seguran\u00e7a, por\u00e9m, alguns dados s\u00e3o essenciais para podermos entregar o melhor servi\u00e7o poss\u00edvel e at\u00e9 para o funcionamento do site, conforme descrevemos abaixo:&nbsp;<b>Marketing:<\/b>&nbsp;Quando voc\u00ea preenche formul\u00e1rios e se cadastra no site, voc\u00ea poder\u00e1 receber e-mails com promo\u00e7\u00f5es e novidades do site. Podemos coletar nome, e-mail e telefone.&nbsp;<b>Navega\u00e7\u00e3o ao Site:<\/b>&nbsp;quando voc\u00ea navega pelo nosso site, coletamos automaticamente dados como o seu endere\u00e7o IP, tipo de navegador, p\u00e1ginas acessadas, tempo gasto em cada p\u00e1gina e outras informa\u00e7\u00f5es.&nbsp;<b>Informa\u00e7\u00f5es de contato:<\/b>&nbsp;quando voc\u00ea entra em contato conosco, seja por e-mail, telefone ou chat, coletamos as suas informa\u00e7\u00f5es de contato, como o seu nome, e-mail, n\u00famero de telefone e a mensagem que voc\u00ea nos enviou.&nbsp;<b>Informa\u00e7\u00f5es de uso dos servi\u00e7os:<\/b>&nbsp;quando voc\u00ea usa os nossos servi\u00e7os, coletamos dados sobre as suas atividades, como as pesquisas que voc\u00ea realiza, os v\u00eddeos que voc\u00ea assiste, as p\u00e1ginas que voc\u00ea visita e as compras que voc\u00ea faz e quando voc\u00ea compartilha conosco fotos, coment\u00e1rios, sugest\u00f5es, perguntas, respostas, informa\u00e7\u00f5es, textos, arquivos, gr\u00e1ficos, v\u00eddeos ou outros materiais, coletamos as informa\u00e7\u00f5es que voc\u00ea nos enviar.&nbsp;<b>Informa\u00e7\u00f5es de localiza\u00e7\u00e3o:<\/b>&nbsp;quando voc\u00ea usa os nossos servi\u00e7os, coletamos dados de localiza\u00e7\u00e3o precisos para fornecer os servi\u00e7os que voc\u00ea solicitou. Por exemplo, quando voc\u00ea solicita um servi\u00e7o de entrega, coletamos seu endere\u00e7o para enviar a entrega para o local certo.<\/p>\n<\/div><div class=\"fusion-title title fusion-title-3 fusion-sep-none fusion-title-text fusion-title-size-three\"><h3 class=\"fusion-title-heading title-heading-left fusion-responsive-typography-calculated\" style=\"margin:0;text-transform:capitalize;--fontSize:32;line-height:var(--awb-typography1-line-height);\">3 \u2013 Sobre o uso de Cookies<\/h3><\/div><div class=\"fusion-text fusion-text-4\"><p>Usamos cookies no nosso website e aplicativos para melhorar a sua experi\u00eancia de navega\u00e7\u00e3o no nosso website. Um cookie \u00e9 um pequeno arquivo de texto que um site armazena no seu computador ou dispositivo m\u00f3vel quando voc\u00ea visita o site. Os cookies nos permitem reconhecer o seu navegador e fornecer-lhe a melhor experi\u00eancia ao navegar no nosso site. Al\u00e9m disso, os cookies nos ajudam a compreender quais se\u00e7\u00f5es do site s\u00e3o mais interessantes para voc\u00ea e quais conte\u00fados podem ser recomendados para voc\u00ea. Site como o google, bing etc. utilizam cookies, e ao visitar cada um, voc\u00ea deve verificar a politica referente a eles. Voc\u00ea pode a qualquer momento bloquear os cookies no seu navegador, ou limpar o cache para retirar os mesmos. \u00c9 importante destacar que tentamos minimizar o uso de cookies n\u00e3o essenciais, mas utilizamos os necess\u00e1rios para entregar um melhor servi\u00e7o, conforme a previs\u00e3o de leg\u00edtimo interesse na LGPD. Voc\u00ea pode a qualquer momento desativar os mesmos em seu navegador.<\/p>\n<\/div><div class=\"fusion-title title fusion-title-4 fusion-sep-none fusion-title-text fusion-title-size-three\"><h3 class=\"fusion-title-heading title-heading-left fusion-responsive-typography-calculated\" style=\"margin:0;text-transform:capitalize;--fontSize:32;line-height:var(--awb-typography1-line-height);\"><h3 class=\"fusion-title-heading title-heading-left fusion-responsive-typography-calculated\">4 \u2013 Com quem compartilhamos os seus dados pessoais:<\/h3><\/h3><\/div><div class=\"fusion-text fusion-text-5\"><p>Prestadores de Servi\u00e7os: compartilhamos os seus dados pessoais com os nossos prestadores de servi\u00e7os, que prestam servi\u00e7os de marketing, an\u00e1lise de dados, pagamentos, envio de e-mails e outros servi\u00e7os para n\u00f3s. Esses prestadores de servi\u00e7os s\u00f3 podem usar os seus dados pessoais para realizar esses servi\u00e7os para n\u00f3s e conforme as nossas instru\u00e7\u00f5es. Anunciantes e Parceiros Comerciais: tamb\u00e9m \u00e9 poss\u00edvel que compartilhemos os seus dados pessoais com empresas que realizem anuncio, ou parceiros comerciais. No entanto, s\u00f3 compartilhamos os seus dados pessoais conforme as suas instru\u00e7\u00f5es. Comunidades Online: quando voc\u00ea se junta a uma das nossas comunidades online, os seus dados pessoais podem ser vistos por outros membros dessa comunidade. Investidores: podemos compartilhar os seus dados pessoais com os nossos investidores. No entanto, s\u00f3 compartilhamos os seus dados pessoais conforme as suas instru\u00e7\u00f5es. Filiais e Subsidi\u00e1rias: podemos compartilhar os seus dados pessoais com as nossas filiais e subsidi\u00e1rias. No entanto, s\u00f3 compartilhamos os seus dados pessoais conforme as suas instru\u00e7\u00f5es. Autoridades Governamentais e outras Partes: \u00e0s vezes, podemos ser obrigados judicialmente a liberar ou divulgar os seus dados \u00e0s autoridades governamentais, ou outras partes, conforme exigido por lei. Ou por outros motivos, como: (i) Cumprir uma obriga\u00e7\u00e3o legal; (ii) Proteger os direitos, a propriedade ou a seguran\u00e7a da P\u00e1gina; (iii) Evitar um dano real ou potencial aos bens, ou \u00e0 seguran\u00e7a das pessoas; (iv) De outra forma, conforme permitido por lei.<\/p>\n<\/div><div class=\"fusion-title title fusion-title-5 fusion-sep-none fusion-title-text fusion-title-size-three\"><h3 class=\"fusion-title-heading title-heading-left fusion-responsive-typography-calculated\" style=\"margin:0;text-transform:capitalize;--fontSize:32;line-height:var(--awb-typography1-line-height);\"><h3 class=\"fusion-title-heading title-heading-left fusion-responsive-typography-calculated\">5- Sobre seus Direitos em rela\u00e7\u00e3o aos Dados coletados<\/h3><\/h3><\/div><div class=\"fusion-text fusion-text-6\"><p>O presente texto tem por objetivo esclarecer os nossos leitores e visitantes sobre quais s\u00e3o os seus direitos em rela\u00e7\u00e3o aos dados pessoais. De acordo com a Lei Geral de Prote\u00e7\u00e3o de Dados Pessoais (LGPD), toda pessoa tem o direito \u00e0 informa\u00e7\u00e3o, \u00e0 transpar\u00eancia, \u00e0 liberdade e \u00e0 autonomia na tomada de decis\u00f5es. Com rela\u00e7\u00e3o aos dados pessoais, a pessoa tem o direito ao acesso, \u00e0 corre\u00e7\u00e3o, \u00e0 elimina\u00e7\u00e3o, \u00e0 portabilidade, \u00e0 limita\u00e7\u00e3o do tratamento e \u00e0 oposi\u00e7\u00e3o. A pessoa tamb\u00e9m tem o direito de negas a qualquer momento que seus dados pessoais sejam utilizados para fins de marketing e ao recebimento de comunica\u00e7\u00f5es comerciais. Para exercer os seus direitos, basta entrar em contato com a nossa equipe. Esclarecemos que os dados pessoais s\u00e3o tratados de forma confidencial e que tomamos todas e quaisquer medidas de seguran\u00e7a necess\u00e1rias para garantir a prote\u00e7\u00e3o dos dados.<\/p>\n<\/div><div class=\"fusion-title title fusion-title-6 fusion-sep-none fusion-title-text fusion-title-size-three\"><h3 class=\"fusion-title-heading title-heading-left fusion-responsive-typography-calculated\" style=\"margin:0;text-transform:capitalize;--fontSize:32;line-height:var(--awb-typography1-line-height);\"><h3 class=\"fusion-responsive-typography-calculated\" data-fontsize=\"32\" data-lineheight=\"40.32px\"><b>6 \u2013 Sobre a seguran\u00e7a que aplicamos no tratamento dos seus dados<\/b><\/h3><\/h3><\/div><div class=\"fusion-text fusion-text-7\"><p>A seguran\u00e7a \u00e9 um dos pilares fundamentais da nossa pol\u00edtica de privacidade. Todos os dados pessoais que voc\u00ea fornecer ao site ser\u00e3o tratados com total confidencialidade e seguran\u00e7a, de acordo com as normas legais aplic\u00e1veis. Para garantir a prote\u00e7\u00e3o dos seus dados pessoais, o site utiliza diversas medidas de seguran\u00e7a, como por exemplo:<\/p>\n<p>Criptografia SSL (Secure Socket Layer);<\/p>\n<p>Firewalls;<\/p>\n<p>Sistemas de detec\u00e7\u00e3o de invas\u00f5es;<\/p>\n<p>Monitoramento constante das redes;<\/p>\n<p>Uso de senhas seguras;<\/p>\n<p>Verifica\u00e7\u00e3o peri\u00f3dica da seguran\u00e7a dos sistemas.<\/p>\n<p>Todas as informa\u00e7\u00f5es pessoais s\u00e3o armazenadas em servidores seguros, protegidos contra acessos n\u00e3o autorizados, utilizando os mais modernos e avan\u00e7ados sistemas de seguran\u00e7a. Nossa equipe de seguran\u00e7a est\u00e1 constantemente monitorando os sistemas e atualizando as medidas de prote\u00e7\u00e3o, para garantir que seus dados estejam sempre seguros. Caso voc\u00ea tenha alguma d\u00favida ou preocupa\u00e7\u00e3o em rela\u00e7\u00e3o \u00e0 seguran\u00e7a dos seus dados pessoais, entre em contato conosco.<\/p>\n<\/div><div class=\"fusion-title title fusion-title-7 fusion-sep-none fusion-title-text fusion-title-size-three\"><h3 class=\"fusion-title-heading title-heading-left fusion-responsive-typography-calculated\" style=\"margin:0;text-transform:capitalize;--fontSize:32;line-height:var(--awb-typography1-line-height);\"><h3 class=\"fusion-title-heading title-heading-left fusion-responsive-typography-calculated\">7 \u2013 Pedido de modifica\u00e7\u00e3o, remo\u00e7\u00e3o ou altera\u00e7\u00e3o<\/h3><\/h3><\/div><div class=\"fusion-text fusion-text-8\"><p>Entendemos que voc\u00ea possa, eventualmente, querer modificar, remover ou alterar seus dados pessoais. Se voc\u00ea deseja fazer uma altera\u00e7\u00e3o, uma remo\u00e7\u00e3o ou uma modifica\u00e7\u00e3o, entre em contato conosco e n\u00f3s faremos o poss\u00edvel para atender \u00e0 sua solicita\u00e7\u00e3o. No entanto, tenha em mente que, em alguns casos, pode n\u00e3o ser poss\u00edvel atender \u00e0 sua solicita\u00e7\u00e3o, especialmente se for necess\u00e1ria para cumprir nossas obriga\u00e7\u00f5es legais ou contratuais. Al\u00e9m disso, lembre-se de que, se voc\u00ea solicitar a remo\u00e7\u00e3o de seus dados pessoais do nossos banco de dados, isso pode afetar o uso de nosso site e servi\u00e7os. Se voc\u00ea n\u00e3o puder fazer uma altera\u00e7\u00e3o ou uma modifica\u00e7\u00e3o, ou se desejar excluir seus dados pessoais, entre em contato conosco para podermos discutir outras op\u00e7\u00f5es, clicando na aba contato.<\/p>\n<\/div><\/div><\/div><\/div><\/div>","protected":false},"excerpt":{"rendered":"","protected":false},"author":1,"featured_media":0,"parent":0,"menu_order":0,"comment_status":"closed","ping_status":"closed","template":"100-width.php","meta":{"footnotes":""},"class_list":["post-284","page","type-page","status-publish","hentry"],"yoast_head":"<!-- This site is optimized with the Yoast SEO plugin v24.4 - https:\/\/yoast.com\/wordpress\/plugins\/seo\/ -->\n<title>Pol\u00edtica de Privacidade - Serrano Man<\/title>\n<meta name=\"robots\" content=\"index, follow, max-snippet:-1, max-image-preview:large, max-video-preview:-1\" \/>\n<link rel=\"canonical\" href=\"https:\/\/serranoman.com.br\/en\/politica-de-privacidade\/\" \/>\n<meta property=\"og:locale\" content=\"en_US\" \/>\n<meta property=\"og:type\" content=\"article\" \/>\n<meta property=\"og:title\" content=\"Pol\u00edtica de Privacidade - Serrano Man\" \/>\n<meta property=\"og:url\" content=\"https:\/\/serranoman.com.br\/en\/politica-de-privacidade\/\" \/>\n<meta property=\"og:site_name\" content=\"Serrano Man\" \/>\n<meta property=\"article:modified_time\" content=\"2024-03-19T13:02:17+00:00\" \/>\n<meta property=\"og:image\" content=\"https:\/\/serranoman.com.br\/wp-content\/uploads\/2024\/02\/logo-preto-verde.png\" \/>\n\t<meta property=\"og:image:width\" content=\"1036\" \/>\n\t<meta property=\"og:image:height\" content=\"645\" \/>\n\t<meta property=\"og:image:type\" content=\"image\/png\" \/>\n<meta name=\"twitter:card\" content=\"summary_large_image\" \/>\n<meta name=\"twitter:label1\" content=\"Est. reading time\" \/>\n\t<meta name=\"twitter:data1\" content=\"2 minutes\" \/>\n<script type=\"application\/ld+json\" class=\"yoast-schema-graph\">{\"@context\":\"https:\/\/schema.org\",\"@graph\":[{\"@type\":\"WebPage\",\"@id\":\"https:\/\/serranoman.com.br\/politica-de-privacidade\/\",\"url\":\"https:\/\/serranoman.com.br\/politica-de-privacidade\/\",\"name\":\"Pol\u00edtica de Privacidade - Serrano Man\",\"isPartOf\":{\"@id\":\"https:\/\/serranoman.com.br\/#website\"},\"datePublished\":\"2021-01-19T10:44:45+00:00\",\"dateModified\":\"2024-03-19T13:02:17+00:00\",\"breadcrumb\":{\"@id\":\"https:\/\/serranoman.com.br\/politica-de-privacidade\/#breadcrumb\"},\"inLanguage\":\"en-US\",\"potentialAction\":[{\"@type\":\"ReadAction\",\"target\":[\"https:\/\/serranoman.com.br\/politica-de-privacidade\/\"]}]},{\"@type\":\"BreadcrumbList\",\"@id\":\"https:\/\/serranoman.com.br\/politica-de-privacidade\/#breadcrumb\",\"itemListElement\":[{\"@type\":\"ListItem\",\"position\":1,\"name\":\"In\u00edcio\",\"item\":\"https:\/\/serranoman.com.br\/\"},{\"@type\":\"ListItem\",\"position\":2,\"name\":\"Pol\u00edtica de Privacidade\"}]},{\"@type\":\"WebSite\",\"@id\":\"https:\/\/serranoman.com.br\/#website\",\"url\":\"https:\/\/serranoman.com.br\/\",\"name\":\"Serrano Man\",\"description\":\"\",\"publisher\":{\"@id\":\"https:\/\/serranoman.com.br\/#organization\"},\"alternateName\":\"Serrano Man Extreme Triathlon\",\"potentialAction\":[{\"@type\":\"SearchAction\",\"target\":{\"@type\":\"EntryPoint\",\"urlTemplate\":\"https:\/\/serranoman.com.br\/?s={search_term_string}\"},\"query-input\":{\"@type\":\"PropertyValueSpecification\",\"valueRequired\":true,\"valueName\":\"search_term_string\"}}],\"inLanguage\":\"en-US\"},{\"@type\":\"Organization\",\"@id\":\"https:\/\/serranoman.com.br\/#organization\",\"name\":\"Serrano Man\",\"alternateName\":\"Serrano Man Extreme Triathlon\",\"url\":\"https:\/\/serranoman.com.br\/\",\"logo\":{\"@type\":\"ImageObject\",\"inLanguage\":\"en-US\",\"@id\":\"https:\/\/serranoman.com.br\/#\/schema\/logo\/image\/\",\"url\":\"https:\/\/serranoman.com.br\/wp-content\/uploads\/2024\/02\/logo-preto-verde.png\",\"contentUrl\":\"https:\/\/serranoman.com.br\/wp-content\/uploads\/2024\/02\/logo-preto-verde.png\",\"width\":1036,\"height\":645,\"caption\":\"Serrano Man\"},\"image\":{\"@id\":\"https:\/\/serranoman.com.br\/#\/schema\/logo\/image\/\"},\"sameAs\":[\"https:\/\/www.instagram.com\/serranomantri\/\"]}]}<\/script>\n<!-- \/ Yoast SEO plugin. -->","yoast_head_json":{"title":"Pol\u00edtica de Privacidade - Serrano Man","robots":{"index":"index","follow":"follow","max-snippet":"max-snippet:-1","max-image-preview":"max-image-preview:large","max-video-preview":"max-video-preview:-1"},"canonical":"https:\/\/serranoman.com.br\/en\/politica-de-privacidade\/","og_locale":"en_US","og_type":"article","og_title":"Pol\u00edtica de Privacidade - Serrano Man","og_url":"https:\/\/serranoman.com.br\/en\/politica-de-privacidade\/","og_site_name":"Serrano Man","article_modified_time":"2024-03-19T13:02:17+00:00","og_image":[{"width":1036,"height":645,"url":"https:\/\/serranoman.com.br\/wp-content\/uploads\/2024\/02\/logo-preto-verde.png","type":"image\/png"}],"twitter_card":"summary_large_image","twitter_misc":{"Est. reading time":"2 minutes"},"schema":{"@context":"https:\/\/schema.org","@graph":[{"@type":"WebPage","@id":"https:\/\/serranoman.com.br\/politica-de-privacidade\/","url":"https:\/\/serranoman.com.br\/politica-de-privacidade\/","name":"Pol\u00edtica de Privacidade - Serrano Man","isPartOf":{"@id":"https:\/\/serranoman.com.br\/#website"},"datePublished":"2021-01-19T10:44:45+00:00","dateModified":"2024-03-19T13:02:17+00:00","breadcrumb":{"@id":"https:\/\/serranoman.com.br\/politica-de-privacidade\/#breadcrumb"},"inLanguage":"en-US","potentialAction":[{"@type":"ReadAction","target":["https:\/\/serranoman.com.br\/politica-de-privacidade\/"]}]},{"@type":"BreadcrumbList","@id":"https:\/\/serranoman.com.br\/politica-de-privacidade\/#breadcrumb","itemListElement":[{"@type":"ListItem","position":1,"name":"In\u00edcio","item":"https:\/\/serranoman.com.br\/"},{"@type":"ListItem","position":2,"name":"Pol\u00edtica de Privacidade"}]},{"@type":"WebSite","@id":"https:\/\/serranoman.com.br\/#website","url":"https:\/\/serranoman.com.br\/","name":"Serrano Man","description":"","publisher":{"@id":"https:\/\/serranoman.com.br\/#organization"},"alternateName":"Serrano Man Extreme Triathlon","potentialAction":[{"@type":"SearchAction","target":{"@type":"EntryPoint","urlTemplate":"https:\/\/serranoman.com.br\/?s={search_term_string}"},"query-input":{"@type":"PropertyValueSpecification","valueRequired":true,"valueName":"search_term_string"}}],"inLanguage":"en-US"},{"@type":"Organization","@id":"https:\/\/serranoman.com.br\/#organization","name":"Serrano Man","alternateName":"Serrano Man Extreme Triathlon","url":"https:\/\/serranoman.com.br\/","logo":{"@type":"ImageObject","inLanguage":"en-US","@id":"https:\/\/serranoman.com.br\/#\/schema\/logo\/image\/","url":"https:\/\/serranoman.com.br\/wp-content\/uploads\/2024\/02\/logo-preto-verde.png","contentUrl":"https:\/\/serranoman.com.br\/wp-content\/uploads\/2024\/02\/logo-preto-verde.png","width":1036,"height":645,"caption":"Serrano Man"},"image":{"@id":"https:\/\/serranoman.com.br\/#\/schema\/logo\/image\/"},"sameAs":["https:\/\/www.instagram.com\/serranomantri\/"]}]}},"_links":{"self":[{"href":"https:\/\/serranoman.com.br\/en\/wp-json\/wp\/v2\/pages\/284"}],"collection":[{"href":"https:\/\/serranoman.com.br\/en\/wp-json\/wp\/v2\/pages"}],"about":[{"href":"https:\/\/serranoman.com.br\/en\/wp-json\/wp\/v2\/types\/page"}],"author":[{"embeddable":true,"href":"https:\/\/serranoman.com.br\/en\/wp-json\/wp\/v2\/users\/1"}],"replies":[{"embeddable":true,"href":"https:\/\/serranoman.com.br\/en\/wp-json\/wp\/v2\/comments?post=284"}],"version-history":[{"count":14,"href":"https:\/\/serranoman.com.br\/en\/wp-json\/wp\/v2\/pages\/284\/revisions"}],"predecessor-version":[{"id":1289,"href":"https:\/\/serranoman.com.br\/en\/wp-json\/wp\/v2\/pages\/284\/revisions\/1289"}],"wp:attachment":[{"href":"https:\/\/serranoman.com.br\/en\/wp-json\/wp\/v2\/media?parent=284"}],"curies":[{"name":"wp","href":"https:\/\/api.w.org\/{rel}","templated":true}]}}